{"id":1022,"date":"2022-10-20T18:56:38","date_gmt":"2022-10-20T18:56:38","guid":{"rendered":"https:\/\/viverbemhabitacional.com.br\/formulario\/?page_id=1022"},"modified":"2023-11-13T11:08:44","modified_gmt":"2023-11-13T14:08:44","slug":"inicio","status":"publish","type":"page","link":"https:\/\/viverbemhabitacional.com.br\/formulario\/","title":{"rendered":"Inicio"},"content":{"rendered":"\t\t<div data-elementor-type=\"wp-page\" data-elementor-id=\"1022\" class=\"elementor elementor-1022\">\n\t\t\t\t<div class=\"elementor-element elementor-element-0d0a6a6 e-flex e-con-boxed e-con e-parent\" data-id=\"0d0a6a6\" data-element_type=\"container\">\n\t\t\t\t\t<div class=\"e-con-inner\">\n\t\t\t\t<div class=\"elementor-element elementor-element-ea7825a elementor-widget elementor-widget-heading\" data-id=\"ea7825a\" data-element_type=\"widget\" data-widget_type=\"heading.default\">\n\t\t\t\t<div class=\"elementor-widget-container\">\n\t\t\t\t\t<p class=\"elementor-heading-title elementor-size-default\">Escolha um modelo de Formul\u00e1rio<\/p>\t\t\t\t<\/div>\n\t\t\t\t<\/div>\n\t\t\t\t\t<\/div>\n\t\t\t\t<\/div>\n\t\t<div class=\"elementor-element elementor-element-1468d91 e-flex e-con-boxed e-con e-parent\" data-id=\"1468d91\" data-element_type=\"container\">\n\t\t\t\t\t<div class=\"e-con-inner\">\n\t\t<div class=\"elementor-element elementor-element-c7b9425 e-con-full e-flex e-con e-parent\" data-id=\"c7b9425\" data-element_type=\"container\">\n\t\t\t\t<div class=\"elementor-element elementor-element-5de2e1b elementor-widget elementor-widget-heading\" data-id=\"5de2e1b\" data-element_type=\"widget\" data-widget_type=\"heading.default\">\n\t\t\t\t<div class=\"elementor-widget-container\">\n\t\t\t\t\t<h4 class=\"elementor-heading-title elementor-size-default\"><a href=\"https:\/\/viverbemhabitacional.com.br\/formulario\/simplificado\/\" rel=\"nofollow\">Simplificado, com os campos visiveis pr\u00e9visualizados!<\/a><\/h4>\t\t\t\t<\/div>\n\t\t\t\t<\/div>\n\t\t\t\t<div class=\"elementor-element elementor-element-bc100b3 elementor-widget elementor-widget-image\" data-id=\"bc100b3\" data-element_type=\"widget\" data-widget_type=\"image.default\">\n\t\t\t\t<div class=\"elementor-widget-container\">\n\t\t\t\t\t\t\t\t\t\t\t\t\t\t\t\t<a href=\"https:\/\/viverbemhabitacional.com.br\/formulario\/simplificado\/\" rel=\"nofollow\">\n\t\t\t\t\t\t\t<img fetchpriority=\"high\" decoding=\"async\" width=\"587\" height=\"329\" src=\"https:\/\/viverbemhabitacional.com.br\/formulario\/wp-content\/uploads\/2022\/10\/Normal.webp\" class=\"attachment-full size-full wp-image-1029\" alt=\"\" srcset=\"https:\/\/viverbemhabitacional.com.br\/formulario\/wp-content\/uploads\/2022\/10\/Normal.webp 587w, https:\/\/viverbemhabitacional.com.br\/formulario\/wp-content\/uploads\/2022\/10\/Normal-300x168.webp 300w\" sizes=\"(max-width: 587px) 100vw, 587px\" \/>\t\t\t\t\t\t\t\t<\/a>\n\t\t\t\t\t\t\t\t\t\t\t\t\t\t\t<\/div>\n\t\t\t\t<\/div>\n\t\t\t\t<\/div>\n\t\t<div class=\"elementor-element elementor-element-fc36d9a e-con-full e-flex e-con e-parent\" data-id=\"fc36d9a\" data-element_type=\"container\">\n\t\t\t\t<div class=\"elementor-element elementor-element-1adb79d elementor-widget elementor-widget-heading\" data-id=\"1adb79d\" data-element_type=\"widget\" data-widget_type=\"heading.default\">\n\t\t\t\t<div class=\"elementor-widget-container\">\n\t\t\t\t\t<h4 class=\"elementor-heading-title elementor-size-default\"><a href=\"https:\/\/viverbemhabitacional.com.br\/formulario\/suaadesao\/\" rel=\"nofollow\">INTERATIVO conforme for preenchendo os campos v\u00e3o aparecendo!<\/a><\/h4>\t\t\t\t<\/div>\n\t\t\t\t<\/div>\n\t\t\t\t<div class=\"elementor-element elementor-element-d13c9cc elementor-widget elementor-widget-image\" data-id=\"d13c9cc\" data-element_type=\"widget\" data-widget_type=\"image.default\">\n\t\t\t\t<div class=\"elementor-widget-container\">\n\t\t\t\t\t\t\t\t\t\t\t\t\t\t\t\t<a href=\"https:\/\/viverbemhabitacional.com.br\/formulario\/suaadesao\/\" rel=\"nofollow\">\n\t\t\t\t\t\t\t<img decoding=\"async\" width=\"683\" height=\"384\" src=\"https:\/\/viverbemhabitacional.com.br\/formulario\/wp-content\/uploads\/2022\/10\/Interativo.webp\" class=\"attachment-full size-full wp-image-1028\" alt=\"\" srcset=\"https:\/\/viverbemhabitacional.com.br\/formulario\/wp-content\/uploads\/2022\/10\/Interativo.webp 683w, https:\/\/viverbemhabitacional.com.br\/formulario\/wp-content\/uploads\/2022\/10\/Interativo-300x169.webp 300w\" sizes=\"(max-width: 683px) 100vw, 683px\" \/>\t\t\t\t\t\t\t\t<\/a>\n\t\t\t\t\t\t\t\t\t\t\t\t\t\t\t<\/div>\n\t\t\t\t<\/div>\n\t\t\t\t<\/div>\n\t\t\t\t\t<\/div>\n\t\t\t\t<\/div>\n\t\t<div class=\"elementor-element elementor-element-fb8063c e-flex e-con-boxed e-con e-parent\" data-id=\"fb8063c\" data-element_type=\"container\">\n\t\t\t\t\t<div class=\"e-con-inner\">\n\t\t\t\t<div class=\"elementor-element elementor-element-6e4947b elementor-widget elementor-widget-heading\" data-id=\"6e4947b\" data-element_type=\"widget\" data-widget_type=\"heading.default\">\n\t\t\t\t<div class=\"elementor-widget-container\">\n\t\t\t\t\t<h3 class=\"elementor-heading-title elementor-size-default\">FAQ - Perguntas Frequentes<\/h3>\t\t\t\t<\/div>\n\t\t\t\t<\/div>\n\t\t\t\t<div class=\"elementor-element elementor-element-70e6eb4 elementor-widget elementor-widget-toggle\" data-id=\"70e6eb4\" data-element_type=\"widget\" data-widget_type=\"toggle.default\">\n\t\t\t\t<div class=\"elementor-widget-container\">\n\t\t\t\t\t\t\t<div class=\"elementor-toggle\">\n\t\t\t\t\t\t\t<div class=\"elementor-toggle-item\">\n\t\t\t\t\t<div id=\"elementor-tab-title-1181\" class=\"elementor-tab-title\" data-tab=\"1\" role=\"button\" aria-controls=\"elementor-tab-content-1181\" aria-expanded=\"false\">\n\t\t\t\t\t\t\t\t\t\t\t\t<span class=\"elementor-toggle-icon elementor-toggle-icon-left\" aria-hidden=\"true\">\n\t\t\t\t\t\t\t\t\t\t\t\t\t\t\t<span class=\"elementor-toggle-icon-closed\"><svg class=\"e-font-icon-svg e-fas-chevron-down\" viewBox=\"0 0 448 512\" xmlns=\"http:\/\/www.w3.org\/2000\/svg\"><path d=\"M207.029 381.476L12.686 187.132c-9.373-9.373-9.373-24.569 0-33.941l22.667-22.667c9.357-9.357 24.522-9.375 33.901-.04L224 284.505l154.745-154.021c9.379-9.335 24.544-9.317 33.901.04l22.667 22.667c9.373 9.373 9.373 24.569 0 33.941L240.971 381.476c-9.373 9.372-24.569 9.372-33.942 0z\"><\/path><\/svg><\/span>\n\t\t\t\t\t\t\t\t<span class=\"elementor-toggle-icon-opened\"><svg class=\"elementor-toggle-icon-opened e-font-icon-svg e-fas-chevron-up\" viewBox=\"0 0 448 512\" xmlns=\"http:\/\/www.w3.org\/2000\/svg\"><path d=\"M240.971 130.524l194.343 194.343c9.373 9.373 9.373 24.569 0 33.941l-22.667 22.667c-9.357 9.357-24.522 9.375-33.901.04L224 227.495 69.255 381.516c-9.379 9.335-24.544 9.317-33.901-.04l-22.667-22.667c-9.373-9.373-9.373-24.569 0-33.941L207.03 130.525c9.372-9.373 24.568-9.373 33.941-.001z\"><\/path><\/svg><\/span>\n\t\t\t\t\t\t\t\t\t\t\t\t\t<\/span>\n\t\t\t\t\t\t\t\t\t\t\t\t<a class=\"elementor-toggle-title\" tabindex=\"0\">Quais s\u00e3o os documentos necess\u00e1rios para preencher o formul\u00e1rio?<\/a>\n\t\t\t\t\t<\/div>\n\n\t\t\t\t\t<div id=\"elementor-tab-content-1181\" class=\"elementor-tab-content elementor-clearfix\" data-tab=\"1\" role=\"region\" aria-labelledby=\"elementor-tab-title-1181\"><p>Caso voc\u00ea seja casado, ser\u00e1 necess\u00e1rio apresentar tamb\u00e9m os documentos do seu c\u00f4njuge. Essa exig\u00eancia se deve ao fato de que algumas decis\u00f5es relacionadas \u00e0 ades\u00e3o podem afetar ambos os c\u00f4njuges. Portanto, \u00e9 importante que ambos estejam de acordo com as informa\u00e7\u00f5es fornecidas.<\/p><h4><strong>\u00a0S\u00e3o Estes<\/strong><\/h4><p>1 &#8211; RG: o Registro Geral \u00e9 um documento que identifica o cidad\u00e3o brasileiro.<\/p><p>2 &#8211; CPF: o Cadastro de Pessoa F\u00edsica. Ele \u00e9 emitido pela Receita Federal e cont\u00e9m um n\u00famero de identifica\u00e7\u00e3o \u00fanico para cada cidad\u00e3o.<\/p><p>3 &#8211; CNH: a Carteira Nacional de Habilita\u00e7\u00e3o. Ela \u00e9 emitida pelo Departamento Estadual de Tr\u00e2nsito (Detran) e cont\u00e9m informa\u00e7\u00f5es sobre a categoria de habilita\u00e7\u00e3o do motorista.<\/p><p>4 &#8211; Comprovante de Renda: esse documento \u00e9 necess\u00e1rio para comprovar a sua renda mensal e pode ser apresentado de diferentes formas, dependendo da sua situa\u00e7\u00e3o. Alguns exemplos de comprovantes de renda s\u00e3o a carteira de trabalho, o contracheque, o imposto de renda ou uma declara\u00e7\u00e3o de rendimentos como tambem extratos.<\/p><p>Certifique-se de ter esses documentos em m\u00e3os antes de come\u00e7ar a preencher o formul\u00e1rio. Dessa forma, voc\u00ea evita atrasos ou problemas no processo de solicita\u00e7\u00e3o.<\/p><p>Lembre-se de que a falta de documentos pode impedir o processamento da sua solicita\u00e7\u00e3o, portanto, tenha cuidado ao preencher o formul\u00e1rio e verifique se todos os documentos foram anexados corretamente.<\/p><p>Todas as informa\u00e7\u00f5es que voc\u00ea nos fornece s\u00e3o armazenadas com seguran\u00e7a m\u00e1xima e criptografadas. Somente a empresa Viver Bem ter\u00e1 acesso \u00e0s suas informa\u00e7\u00f5es para efetuar a sua ades\u00e3o.<\/p><\/div>\n\t\t\t\t<\/div>\n\t\t\t\t\t\t\t<div class=\"elementor-toggle-item\">\n\t\t\t\t\t<div id=\"elementor-tab-title-1182\" class=\"elementor-tab-title\" data-tab=\"2\" role=\"button\" aria-controls=\"elementor-tab-content-1182\" aria-expanded=\"false\">\n\t\t\t\t\t\t\t\t\t\t\t\t<span class=\"elementor-toggle-icon elementor-toggle-icon-left\" aria-hidden=\"true\">\n\t\t\t\t\t\t\t\t\t\t\t\t\t\t\t<span class=\"elementor-toggle-icon-closed\"><svg class=\"e-font-icon-svg e-fas-chevron-down\" viewBox=\"0 0 448 512\" xmlns=\"http:\/\/www.w3.org\/2000\/svg\"><path d=\"M207.029 381.476L12.686 187.132c-9.373-9.373-9.373-24.569 0-33.941l22.667-22.667c9.357-9.357 24.522-9.375 33.901-.04L224 284.505l154.745-154.021c9.379-9.335 24.544-9.317 33.901.04l22.667 22.667c9.373 9.373 9.373 24.569 0 33.941L240.971 381.476c-9.373 9.372-24.569 9.372-33.942 0z\"><\/path><\/svg><\/span>\n\t\t\t\t\t\t\t\t<span class=\"elementor-toggle-icon-opened\"><svg class=\"elementor-toggle-icon-opened e-font-icon-svg e-fas-chevron-up\" viewBox=\"0 0 448 512\" xmlns=\"http:\/\/www.w3.org\/2000\/svg\"><path d=\"M240.971 130.524l194.343 194.343c9.373 9.373 9.373 24.569 0 33.941l-22.667 22.667c-9.357 9.357-24.522 9.375-33.901.04L224 227.495 69.255 381.516c-9.379 9.335-24.544 9.317-33.901-.04l-22.667-22.667c-9.373-9.373-9.373-24.569 0-33.941L207.03 130.525c9.372-9.373 24.568-9.373 33.941-.001z\"><\/path><\/svg><\/span>\n\t\t\t\t\t\t\t\t\t\t\t\t\t<\/span>\n\t\t\t\t\t\t\t\t\t\t\t\t<a class=\"elementor-toggle-title\" tabindex=\"0\">Como Evitar erros ao enviar seu Formul\u00e1rio?<\/a>\n\t\t\t\t\t<\/div>\n\n\t\t\t\t\t<div id=\"elementor-tab-content-1182\" class=\"elementor-tab-content elementor-clearfix\" data-tab=\"2\" role=\"region\" aria-labelledby=\"elementor-tab-title-1182\"><p>1 &#8211; Verifique se a internet caiu<br \/>Se voc\u00ea estiver com problemas para preencher um formul\u00e1rio, certifique-se de que a sua conex\u00e3o com a internet est\u00e1 funcionando corretamente. Se a sua conex\u00e3o estiver inst\u00e1vel ou cair frequentemente, isso pode causar erros no envio do formul\u00e1rio. Tente reiniciar o seu modem ou roteador para solucionar o problema.<\/p><p>2 &#8211; Verifique se o preenchimento do formul\u00e1rio demorou mais de 40 minutos<br \/>Se o preenchimento do formul\u00e1rio demorar mais de 40 minutos, pode ser que a sess\u00e3o tenha expirado e que as informa\u00e7\u00f5es que voc\u00ea digitou n\u00e3o tenham sido salvas corretamente. Nesse caso, tente preencher o formul\u00e1rio novamente em um per\u00edodo menor de tempo ou salve o progresso do formul\u00e1rio periodicamente e continue a preencher depois com todas asinfroma\u00e7\u00f5es em m\u00e3os.<\/p><p>3 &#8211; Evite clicar em enviar duas vezes muito r\u00e1pido<br \/>Clicar em enviar duas vezes muito r\u00e1pido pode causar erros no sistema. Isso pode acontecer porque o sistema pode n\u00e3o ter tempo suficiente para processar uma vez que o servidor \u00e9 muito r\u00e1pido vai captar o seu segundo clique, evite isso, chamamos isso de sindrome do dedo nervoso, as informa\u00e7\u00f5es enviadas com dois cliques muito r\u00e1pidos ali no bot\u00e3o enviar pode acabar registrando duas submiss\u00f5es (envios) de formul\u00e1rio em vez de uma, sem falar que nessa hora est\u00e3o sendo carregador arquivos do primeiro envio. Por isso, evite clicar em enviar duas vezes muito r\u00e1pido e aguarde alguns segundos ap\u00f3s clicar em enviar.<\/p><p>4 &#8211; Verifique se n\u00e3o h\u00e1 campos inv\u00e1lidos ou arquivos corrompidos<br \/>Certifique-se de que todos os campos do formul\u00e1rio foram preenchidos corretamente e que os arquivos anexados ao formul\u00e1rio estejam em um formato v\u00e1lido. Algumas vezes, a presen\u00e7a de caracteres inv\u00e1lidos ou arquivos corrompidos pode causar erros no sistema, impedindo o envio do formul\u00e1rio. Por isso, verifique se os arquivos est\u00e3o em um formato v\u00e1lido e se os caracteres digitados est\u00e3o corretos.<\/p><p>5 &#8211; Envie prints, v\u00eddeos e \u00e1udios para ajudar a identificar o problema<br \/>Se voc\u00ea encontrar algum problema ao preencher o formul\u00e1rio, envie prints, v\u00eddeos ou \u00e1udios que possam ajudar a identificar a causa do problema. Isso pode ajudar a equipe de suporte a entender melhor a dificuldade encontrada e encontrar uma solu\u00e7\u00e3o para o problema. Lembre-se que, em muitos casos, o problema pode estar relacionado a uma falha humana e n\u00e3o ao sistema em si.<\/p><\/div>\n\t\t\t\t<\/div>\n\t\t\t\t\t\t\t<div class=\"elementor-toggle-item\">\n\t\t\t\t\t<div id=\"elementor-tab-title-1183\" class=\"elementor-tab-title\" data-tab=\"3\" role=\"button\" aria-controls=\"elementor-tab-content-1183\" aria-expanded=\"false\">\n\t\t\t\t\t\t\t\t\t\t\t\t<span class=\"elementor-toggle-icon elementor-toggle-icon-left\" aria-hidden=\"true\">\n\t\t\t\t\t\t\t\t\t\t\t\t\t\t\t<span class=\"elementor-toggle-icon-closed\"><svg class=\"e-font-icon-svg e-fas-chevron-down\" viewBox=\"0 0 448 512\" xmlns=\"http:\/\/www.w3.org\/2000\/svg\"><path d=\"M207.029 381.476L12.686 187.132c-9.373-9.373-9.373-24.569 0-33.941l22.667-22.667c9.357-9.357 24.522-9.375 33.901-.04L224 284.505l154.745-154.021c9.379-9.335 24.544-9.317 33.901.04l22.667 22.667c9.373 9.373 9.373 24.569 0 33.941L240.971 381.476c-9.373 9.372-24.569 9.372-33.942 0z\"><\/path><\/svg><\/span>\n\t\t\t\t\t\t\t\t<span class=\"elementor-toggle-icon-opened\"><svg class=\"elementor-toggle-icon-opened e-font-icon-svg e-fas-chevron-up\" viewBox=\"0 0 448 512\" xmlns=\"http:\/\/www.w3.org\/2000\/svg\"><path d=\"M240.971 130.524l194.343 194.343c9.373 9.373 9.373 24.569 0 33.941l-22.667 22.667c-9.357 9.357-24.522 9.375-33.901.04L224 227.495 69.255 381.516c-9.379 9.335-24.544 9.317-33.901-.04l-22.667-22.667c-9.373-9.373-9.373-24.569 0-33.941L207.03 130.525c9.372-9.373 24.568-9.373 33.941-.001z\"><\/path><\/svg><\/span>\n\t\t\t\t\t\t\t\t\t\t\t\t\t<\/span>\n\t\t\t\t\t\t\t\t\t\t\t\t<a class=\"elementor-toggle-title\" tabindex=\"0\">Quais os arquivose imagens posso enviar?<\/a>\n\t\t\t\t\t<\/div>\n\n\t\t\t\t\t<div id=\"elementor-tab-content-1183\" class=\"elementor-tab-content elementor-clearfix\" data-tab=\"3\" role=\"region\" aria-labelledby=\"elementor-tab-title-1183\"><p>FORMATOS ACEITOS<\/p><p>bmp &#8211; Imagem<br \/>webp &#8211; Imagem<br \/>tif &#8211; Imagem<br \/>png &#8211; Imagem<br \/>gif &#8211; Imagem<br \/>jpeg &#8211; Imagem<br \/>jpg &#8211; Imagem<br \/>doc &#8211; Texto<br \/>xls &#8211; Texto<br \/>pdf &#8211; Texto e\/ou e com ou sem Imagem<br \/>jfif &#8211; Imagem<br \/>txt &#8211; Texto<br \/>doc &#8211; Texto ou Imagem<br \/>docx &#8211; Texto com imagem<br \/>xls &#8211; Excel<br \/>ppt &#8211; Power Point<br \/>pptx &#8211; Power Point<\/p><\/div>\n\t\t\t\t<\/div>\n\t\t\t\t\t\t\t\t<\/div>\n\t\t\t\t\t\t<\/div>\n\t\t\t\t<\/div>\n\t\t\t\t\t<\/div>\n\t\t\t\t<\/div>\n\t\t\t\t<\/div>\n\t\t","protected":false},"excerpt":{"rendered":"<p>Escolha um modelo de Formul\u00e1rio Simplificado, com os campos visiveis pr\u00e9visualizados! INTERATIVO conforme for preenchendo os campos v\u00e3o aparecendo! FAQ &#8211; Perguntas Frequentes Quais s\u00e3o os documentos necess\u00e1rios para preencher o formul\u00e1rio? Caso voc\u00ea seja casado, ser\u00e1 necess\u00e1rio apresentar tamb\u00e9m os documentos do seu c\u00f4njuge. Essa exig\u00eancia se deve ao fato de que algumas decis\u00f5es&hellip;&nbsp;<a href=\"https:\/\/viverbemhabitacional.com.br\/formulario\/\" rel=\"bookmark\"><span class=\"screen-reader-text\">Inicio<\/span><\/a><\/p>\n","protected":false},"author":1,"featured_media":0,"parent":0,"menu_order":0,"comment_status":"closed","ping_status":"closed","template":"elementor_canvas","meta":{"neve_meta_sidebar":"","neve_meta_container":"","neve_meta_enable_content_width":"","neve_meta_content_width":0,"neve_meta_title_alignment":"","neve_meta_author_avatar":"","neve_post_elements_order":"","neve_meta_disable_header":"","neve_meta_disable_footer":"","neve_meta_disable_title":"","footnotes":""},"class_list":["post-1022","page","type-page","status-publish","hentry"],"_links":{"self":[{"href":"https:\/\/viverbemhabitacional.com.br\/formulario\/wp-json\/wp\/v2\/pages\/1022","targetHints":{"allow":["GET"]}}],"collection":[{"href":"https:\/\/viverbemhabitacional.com.br\/formulario\/wp-json\/wp\/v2\/pages"}],"about":[{"href":"https:\/\/viverbemhabitacional.com.br\/formulario\/wp-json\/wp\/v2\/types\/page"}],"author":[{"embeddable":true,"href":"https:\/\/viverbemhabitacional.com.br\/formulario\/wp-json\/wp\/v2\/users\/1"}],"replies":[{"embeddable":true,"href":"https:\/\/viverbemhabitacional.com.br\/formulario\/wp-json\/wp\/v2\/comments?post=1022"}],"version-history":[{"count":91,"href":"https:\/\/viverbemhabitacional.com.br\/formulario\/wp-json\/wp\/v2\/pages\/1022\/revisions"}],"predecessor-version":[{"id":1150,"href":"https:\/\/viverbemhabitacional.com.br\/formulario\/wp-json\/wp\/v2\/pages\/1022\/revisions\/1150"}],"wp:attachment":[{"href":"https:\/\/viverbemhabitacional.com.br\/formulario\/wp-json\/wp\/v2\/media?parent=1022"}],"curies":[{"name":"wp","href":"https:\/\/api.w.org\/{rel}","templated":true}]}}